{"id":1400,"date":"2016-05-31T09:42:23","date_gmt":"2016-05-31T09:42:23","guid":{"rendered":"http:\/\/ld-wp.template-help.com\/wordpress_60113-sample\/?page_id=1400"},"modified":"2018-11-15T15:19:31","modified_gmt":"2018-11-15T15:19:31","slug":"yao-ming-bing","status":"publish","type":"page","link":"https:\/\/kham-wuerzburg.de\/kham-neu\/index.php\/team\/yao-ming-bing\/","title":{"rendered":"Santos"},"content":{"rendered":"<p>Santosh, K\u00fcchenchef Im Jahr 1993 bin ich mit Keshar nach Deutschland gezogen. Wir sind zusammen in Pokara, ein Dorf in den Bergen von Nepal, aufgewachsen. Er ist wie ein Bruder f\u00fcr mich. Wir spielten und a\u00dfen jeden Tag zusammen. Manchmal stritten wir dar\u00fcber, wessen Oma <a href=\"https:\/\/kham-wuerzburg.de\/kham-neu\/index.php\/team\/yao-ming-bing\/\" title=\"Read more on Santos\" class=\"more-link\">read more<\/a><\/p>\n","protected":false},"excerpt":{"rendered":"<p>Santosh, K\u00fcchenchef Im Jahr 1993 bin ich mit Keshar nach Deutschland gezogen. Wir sind zusammen in Pokara, ein Dorf in den Bergen von Nepal, aufgewachsen. Er ist wie ein Bruder f\u00fcr mich. Wir spielten und a\u00dfen jeden Tag zusammen. Manchmal stritten wir dar\u00fcber, wessen Oma read more<\/p>\n","protected":false},"author":1,"featured_media":0,"parent":1119,"menu_order":0,"comment_status":"closed","ping_status":"closed","template":"","meta":[],"_links":{"self":[{"href":"https:\/\/kham-wuerzburg.de\/kham-neu\/index.php\/wp-json\/wp\/v2\/pages\/1400"}],"collection":[{"href":"https:\/\/kham-wuerzburg.de\/kham-neu\/index.php\/wp-json\/wp\/v2\/pages"}],"about":[{"href":"https:\/\/kham-wuerzburg.de\/kham-neu\/index.php\/wp-json\/wp\/v2\/types\/page"}],"author":[{"embeddable":true,"href":"https:\/\/kham-wuerzburg.de\/kham-neu\/index.php\/wp-json\/wp\/v2\/users\/1"}],"replies":[{"embeddable":true,"href":"https:\/\/kham-wuerzburg.de\/kham-neu\/index.php\/wp-json\/wp\/v2\/comments?post=1400"}],"version-history":[{"count":6,"href":"https:\/\/kham-wuerzburg.de\/kham-neu\/index.php\/wp-json\/wp\/v2\/pages\/1400\/revisions"}],"predecessor-version":[{"id":4334,"href":"https:\/\/kham-wuerzburg.de\/kham-neu\/index.php\/wp-json\/wp\/v2\/pages\/1400\/revisions\/4334"}],"up":[{"embeddable":true,"href":"https:\/\/kham-wuerzburg.de\/kham-neu\/index.php\/wp-json\/wp\/v2\/pages\/1119"}],"wp:attachment":[{"href":"https:\/\/kham-wuerzburg.de\/kham-neu\/index.php\/wp-json\/wp\/v2\/media?parent=1400"}],"curies":[{"name":"wp","href":"https:\/\/api.w.org\/{rel}","templated":true}]}}