{"id":16,"date":"2016-04-26T06:39:26","date_gmt":"2016-04-26T06:39:26","guid":{"rendered":"http:\/\/ld-wp.template-help.com\/wordpress_60113-sample\/?page_id=16"},"modified":"2018-11-15T15:24:55","modified_gmt":"2018-11-15T15:24:55","slug":"gallery","status":"publish","type":"page","link":"https:\/\/kham-wuerzburg.de\/kham-neu\/index.php\/gallery\/","title":{"rendered":"Impressionen"},"content":{"rendered":"<p>&#8211; Unsere Philosophie &#8211; \u00a0 Die Kham Sushi Bar ist das \u00e4lteste Sushi-Restaurant W\u00fcrzburgs und bietet traditionelles, unverf\u00e4lschtes japanisches Sushihandwerk, vereint mit einer gro\u00dfen Bandbreite an asiatischen K\u00f6stlichkeiten. Ein kleiner Einblick &#8220;Das Kha <a href=\"https:\/\/kham-wuerzburg.de\/kham-neu\/index.php\/gallery\/\" title=\"Read more on Impressionen\" class=\"more-link\">read more<\/a><\/p>\n","protected":false},"excerpt":{"rendered":"<p>&#8211; Unsere Philosophie &#8211; \u00a0 Die Kham Sushi Bar ist das \u00e4lteste Sushi-Restaurant W\u00fcrzburgs und bietet traditionelles, unverf\u00e4lschtes japanisches Sushihandwerk, vereint mit einer gro\u00dfen Bandbreite an asiatischen K\u00f6stlichkeiten. Ein kleiner Einblick &#8220;Das Kha read more<\/p>\n","protected":false},"author":1,"featured_media":0,"parent":0,"menu_order":0,"comment_status":"closed","ping_status":"closed","template":"","meta":[],"_links":{"self":[{"href":"https:\/\/kham-wuerzburg.de\/kham-neu\/index.php\/wp-json\/wp\/v2\/pages\/16"}],"collection":[{"href":"https:\/\/kham-wuerzburg.de\/kham-neu\/index.php\/wp-json\/wp\/v2\/pages"}],"about":[{"href":"https:\/\/kham-wuerzburg.de\/kham-neu\/index.php\/wp-json\/wp\/v2\/types\/page"}],"author":[{"embeddable":true,"href":"https:\/\/kham-wuerzburg.de\/kham-neu\/index.php\/wp-json\/wp\/v2\/users\/1"}],"replies":[{"embeddable":true,"href":"https:\/\/kham-wuerzburg.de\/kham-neu\/index.php\/wp-json\/wp\/v2\/comments?post=16"}],"version-history":[{"count":111,"href":"https:\/\/kham-wuerzburg.de\/kham-neu\/index.php\/wp-json\/wp\/v2\/pages\/16\/revisions"}],"predecessor-version":[{"id":4339,"href":"https:\/\/kham-wuerzburg.de\/kham-neu\/index.php\/wp-json\/wp\/v2\/pages\/16\/revisions\/4339"}],"wp:attachment":[{"href":"https:\/\/kham-wuerzburg.de\/kham-neu\/index.php\/wp-json\/wp\/v2\/media?parent=16"}],"curies":[{"name":"wp","href":"https:\/\/api.w.org\/{rel}","templated":true}]}}