{"id":211,"date":"2016-05-12T11:26:16","date_gmt":"2016-05-12T11:26:16","guid":{"rendered":"http:\/\/ld-wp.template-help.com\/wordpress_60113-sample\/?page_id=211"},"modified":"2019-04-10T09:55:03","modified_gmt":"2019-04-10T08:55:03","slug":"terms-of-use","status":"publish","type":"page","link":"https:\/\/kham-wuerzburg.de\/kham-neu\/index.php\/terms-of-use\/","title":{"rendered":"Impressum"},"content":{"rendered":"<p>Impressum Verantwortlich f\u00fcr den Inhalt dieser Seiten gem\u00e4\u00df \u00a7 10 Abs. 3 MDStV Anbieterkennzeichnungspflicht nach \u00a7 5 TMG: Kham Sushi Bar Inhaber: Keshar Shahi Gesch\u00e4ftsleitung: Bastian de Marche Burkarderstr. 2-4 97082 W\u00fcrzburg Steuer-Nr.: 257\/274\/31848 Telefon:&nbsp;09 <a href=\"https:\/\/kham-wuerzburg.de\/kham-neu\/index.php\/terms-of-use\/\" title=\"Read more on Impressum\" class=\"more-link\">read more<\/a><\/p>\n","protected":false},"excerpt":{"rendered":"<p>Impressum Verantwortlich f\u00fcr den Inhalt dieser Seiten gem\u00e4\u00df \u00a7 10 Abs. 3 MDStV Anbieterkennzeichnungspflicht nach \u00a7 5 TMG: Kham Sushi Bar Inhaber: Keshar Shahi Gesch\u00e4ftsleitung: Bastian de Marche Burkarderstr. 2-4 97082 W\u00fcrzburg Steuer-Nr.: 257\/274\/31848 Telefon:&nbsp;09 read more<\/p>\n","protected":false},"author":1,"featured_media":0,"parent":0,"menu_order":0,"comment_status":"closed","ping_status":"closed","template":"","meta":[],"_links":{"self":[{"href":"https:\/\/kham-wuerzburg.de\/kham-neu\/index.php\/wp-json\/wp\/v2\/pages\/211"}],"collection":[{"href":"https:\/\/kham-wuerzburg.de\/kham-neu\/index.php\/wp-json\/wp\/v2\/pages"}],"about":[{"href":"https:\/\/kham-wuerzburg.de\/kham-neu\/index.php\/wp-json\/wp\/v2\/types\/page"}],"author":[{"embeddable":true,"href":"https:\/\/kham-wuerzburg.de\/kham-neu\/index.php\/wp-json\/wp\/v2\/users\/1"}],"replies":[{"embeddable":true,"href":"https:\/\/kham-wuerzburg.de\/kham-neu\/index.php\/wp-json\/wp\/v2\/comments?post=211"}],"version-history":[{"count":31,"href":"https:\/\/kham-wuerzburg.de\/kham-neu\/index.php\/wp-json\/wp\/v2\/pages\/211\/revisions"}],"predecessor-version":[{"id":4634,"href":"https:\/\/kham-wuerzburg.de\/kham-neu\/index.php\/wp-json\/wp\/v2\/pages\/211\/revisions\/4634"}],"wp:attachment":[{"href":"https:\/\/kham-wuerzburg.de\/kham-neu\/index.php\/wp-json\/wp\/v2\/media?parent=211"}],"curies":[{"name":"wp","href":"https:\/\/api.w.org\/{rel}","templated":true}]}}