{"id":2744,"date":"2018-05-29T09:33:53","date_gmt":"2018-05-29T09:33:53","guid":{"rendered":"http:\/\/178.25.140.21\/kham\/?page_id=2744"},"modified":"2019-03-06T09:01:18","modified_gmt":"2019-03-06T08:01:18","slug":"team-2","status":"publish","type":"page","link":"https:\/\/kham-wuerzburg.de\/kham-neu\/index.php\/team-2\/","title":{"rendered":"Team"},"content":{"rendered":"<p>Unsere Meister und K\u00f6che ___________________________________ Wir m\u00f6chten unseren G\u00e4sten die asiatische K\u00fcche in all ihrer Vielfalt bieten. Bei uns wird jedes Gericht unverf\u00e4lscht zubereitet, so wie wir es von Mama und Oma in unseren Heimatl\u00e4ndern gelernt haben. Vom jahr <a href=\"https:\/\/kham-wuerzburg.de\/kham-neu\/index.php\/team-2\/\" title=\"Read more on Team\" class=\"more-link\">read more<\/a><\/p>\n","protected":false},"excerpt":{"rendered":"<p>Unsere Meister und K\u00f6che ___________________________________ Wir m\u00f6chten unseren G\u00e4sten die asiatische K\u00fcche in all ihrer Vielfalt bieten. Bei uns wird jedes Gericht unverf\u00e4lscht zubereitet, so wie wir es von Mama und Oma in unseren Heimatl\u00e4ndern gelernt haben. Vom jahr read more<\/p>\n","protected":false},"author":1,"featured_media":0,"parent":0,"menu_order":0,"comment_status":"closed","ping_status":"closed","template":"","meta":[],"_links":{"self":[{"href":"https:\/\/kham-wuerzburg.de\/kham-neu\/index.php\/wp-json\/wp\/v2\/pages\/2744"}],"collection":[{"href":"https:\/\/kham-wuerzburg.de\/kham-neu\/index.php\/wp-json\/wp\/v2\/pages"}],"about":[{"href":"https:\/\/kham-wuerzburg.de\/kham-neu\/index.php\/wp-json\/wp\/v2\/types\/page"}],"author":[{"embeddable":true,"href":"https:\/\/kham-wuerzburg.de\/kham-neu\/index.php\/wp-json\/wp\/v2\/users\/1"}],"replies":[{"embeddable":true,"href":"https:\/\/kham-wuerzburg.de\/kham-neu\/index.php\/wp-json\/wp\/v2\/comments?post=2744"}],"version-history":[{"count":239,"href":"https:\/\/kham-wuerzburg.de\/kham-neu\/index.php\/wp-json\/wp\/v2\/pages\/2744\/revisions"}],"predecessor-version":[{"id":4626,"href":"https:\/\/kham-wuerzburg.de\/kham-neu\/index.php\/wp-json\/wp\/v2\/pages\/2744\/revisions\/4626"}],"wp:attachment":[{"href":"https:\/\/kham-wuerzburg.de\/kham-neu\/index.php\/wp-json\/wp\/v2\/media?parent=2744"}],"curies":[{"name":"wp","href":"https:\/\/api.w.org\/{rel}","templated":true}]}}