{"id":31,"date":"2016-04-26T06:43:49","date_gmt":"2016-04-26T06:43:49","guid":{"rendered":"http:\/\/ld-wp.template-help.com\/wordpress_60113-sample\/?page_id=31"},"modified":"2019-03-06T08:32:50","modified_gmt":"2019-03-06T07:32:50","slug":"home","status":"publish","type":"page","link":"https:\/\/kham-wuerzburg.de\/kham-neu\/","title":{"rendered":"Home"},"content":{"rendered":"<p>&#8220;Seit 1999 vereinen wir als \u00e4lteste Sushi Bar W\u00fcrzburgs Vielfalt, Tradition und Qualit\u00e4t&#8221; Das sagen unsere Kunden Unsere Favoriten Keshar __________________ Mit nur 18 Jahren reiste ich aus der nepalesischen Bergstadt Pokara nach Deutschland. Hier wollte ich <a href=\"https:\/\/kham-wuerzburg.de\/kham-neu\/\" title=\"Read more on Home\" class=\"more-link\">read more<\/a><\/p>\n","protected":false},"excerpt":{"rendered":"<p>&#8220;Seit 1999 vereinen wir als \u00e4lteste Sushi Bar W\u00fcrzburgs Vielfalt, Tradition und Qualit\u00e4t&#8221; Das sagen unsere Kunden Unsere Favoriten Keshar __________________ Mit nur 18 Jahren reiste ich aus der nepalesischen Bergstadt Pokara nach Deutschland. Hier wollte ich read more<\/p>\n","protected":false},"author":1,"featured_media":0,"parent":0,"menu_order":0,"comment_status":"closed","ping_status":"closed","template":"","meta":[],"_links":{"self":[{"href":"https:\/\/kham-wuerzburg.de\/kham-neu\/index.php\/wp-json\/wp\/v2\/pages\/31"}],"collection":[{"href":"https:\/\/kham-wuerzburg.de\/kham-neu\/index.php\/wp-json\/wp\/v2\/pages"}],"about":[{"href":"https:\/\/kham-wuerzburg.de\/kham-neu\/index.php\/wp-json\/wp\/v2\/types\/page"}],"author":[{"embeddable":true,"href":"https:\/\/kham-wuerzburg.de\/kham-neu\/index.php\/wp-json\/wp\/v2\/users\/1"}],"replies":[{"embeddable":true,"href":"https:\/\/kham-wuerzburg.de\/kham-neu\/index.php\/wp-json\/wp\/v2\/comments?post=31"}],"version-history":[{"count":447,"href":"https:\/\/kham-wuerzburg.de\/kham-neu\/index.php\/wp-json\/wp\/v2\/pages\/31\/revisions"}],"predecessor-version":[{"id":4612,"href":"https:\/\/kham-wuerzburg.de\/kham-neu\/index.php\/wp-json\/wp\/v2\/pages\/31\/revisions\/4612"}],"wp:attachment":[{"href":"https:\/\/kham-wuerzburg.de\/kham-neu\/index.php\/wp-json\/wp\/v2\/media?parent=31"}],"curies":[{"name":"wp","href":"https:\/\/api.w.org\/{rel}","templated":true}]}}